{"id":97,"date":"2024-09-03T19:45:48","date_gmt":"2024-09-03T19:45:48","guid":{"rendered":"https:\/\/loja.barracaamarela.com.br\/?post_type=product&#038;p=97"},"modified":"2025-05-21T14:25:56","modified_gmt":"2025-05-21T14:25:56","slug":"display-de-pe-de-moleque-moido-c-5-unidades-300g","status":"publish","type":"product","link":"https:\/\/loja.barracaamarela.com.br\/?product=display-de-pe-de-moleque-moido-c-5-unidades-300g","title":{"rendered":"1602 DISPLAY DE P\u00c9 DE MOLEQUE MO\u00cdDO C\/ 5 UNIDADES 300g"},"content":{"rendered":"<p>INGREDIENTES: Amendoim, rapadura, a\u00e7\u00facar e conservante sorbato de pot\u00e1ssio.<br \/>\nAL\u00c9RGICOS: CONT\u00c9M AMENDOIM. N\u00c3O CONT\u00c9M GL\u00daTEN.<\/p>\n","protected":false},"excerpt":{"rendered":"<p>INGREDIENTES: Amendoim, rapadura, a\u00e7\u00facar e conservante sorbato de pot\u00e1ssio. AL\u00c9RGICOS: CONT\u00c9M AMENDOIM. N\u00c3O CONT\u00c9M GL\u00daTEN.<\/p>\n","protected":false},"featured_media":98,"comment_status":"open","ping_status":"closed","template":"","meta":{"_monsterinsights_skip_tracking":false,"_monsterinsights_sitenote_active":false,"_monsterinsights_sitenote_note":"","_monsterinsights_sitenote_category":0},"product_brand":[],"product_cat":[19],"product_tag":[24],"class_list":{"0":"post-97","1":"product","2":"type-product","3":"status-publish","4":"has-post-thumbnail","6":"product_cat-pe-de-moleque","7":"product_tag-pe-de-moleque","9":"first","10":"instock","11":"shipping-taxable","12":"purchasable","13":"product-type-simple"},"_links":{"self":[{"href":"https:\/\/loja.barracaamarela.com.br\/index.php?rest_route=\/wp\/v2\/product\/97","targetHints":{"allow":["GET"]}}],"collection":[{"href":"https:\/\/loja.barracaamarela.com.br\/index.php?rest_route=\/wp\/v2\/product"}],"about":[{"href":"https:\/\/loja.barracaamarela.com.br\/index.php?rest_route=\/wp\/v2\/types\/product"}],"replies":[{"embeddable":true,"href":"https:\/\/loja.barracaamarela.com.br\/index.php?rest_route=%2Fwp%2Fv2%2Fcomments&post=97"}],"version-history":[{"count":0,"href":"https:\/\/loja.barracaamarela.com.br\/index.php?rest_route=\/wp\/v2\/product\/97\/revisions"}],"wp:featuredmedia":[{"embeddable":true,"href":"https:\/\/loja.barracaamarela.com.br\/index.php?rest_route=\/wp\/v2\/media\/98"}],"wp:attachment":[{"href":"https:\/\/loja.barracaamarela.com.br\/index.php?rest_route=%2Fwp%2Fv2%2Fmedia&parent=97"}],"wp:term":[{"taxonomy":"product_brand","embeddable":true,"href":"https:\/\/loja.barracaamarela.com.br\/index.php?rest_route=%2Fwp%2Fv2%2Fproduct_brand&post=97"},{"taxonomy":"product_cat","embeddable":true,"href":"https:\/\/loja.barracaamarela.com.br\/index.php?rest_route=%2Fwp%2Fv2%2Fproduct_cat&post=97"},{"taxonomy":"product_tag","embeddable":true,"href":"https:\/\/loja.barracaamarela.com.br\/index.php?rest_route=%2Fwp%2Fv2%2Fproduct_tag&post=97"}],"curies":[{"name":"wp","href":"https:\/\/api.w.org\/{rel}","templated":true}]}}