{"id":165,"date":"2024-09-04T13:18:21","date_gmt":"2024-09-04T13:18:21","guid":{"rendered":"https:\/\/loja.barracaamarela.com.br\/?post_type=product&#038;p=165"},"modified":"2025-05-21T14:17:03","modified_gmt":"2025-05-21T14:17:03","slug":"pacoca-rolha-c-60-unidades-840g","status":"publish","type":"product","link":"https:\/\/loja.barracaamarela.com.br\/?product=pacoca-rolha-c-60-unidades-840g","title":{"rendered":"1981 PA\u00c7OCA ROLHA C\/ 60 UNIDADES 840g"},"content":{"rendered":"<p>INGREDIENTES: Amendoim, a\u00e7\u00facar, farinha de milho enriquecida com ferro e \u00e1cido f\u00f3lico, f\u00e9cula de mandioca, sal e conservante \u00e1cido s\u00f3rbico.<br \/>\nAL\u00c9RGICOS: CONT\u00c9M AMENDOIM. N\u00c3O CONT\u00c9M GL\u00daTEN.<\/p>\n","protected":false},"excerpt":{"rendered":"<p>INGREDIENTES: Amendoim, a\u00e7\u00facar, farinha de milho enriquecida com ferro e \u00e1cido f\u00f3lico, f\u00e9cula de mandioca, sal e conservante \u00e1cido s\u00f3rbico. AL\u00c9RGICOS: CONT\u00c9M AMENDOIM. N\u00c3O CONT\u00c9M GL\u00daTEN.<\/p>\n","protected":false},"featured_media":166,"comment_status":"open","ping_status":"closed","template":"","meta":{"_monsterinsights_skip_tracking":false,"_monsterinsights_sitenote_active":false,"_monsterinsights_sitenote_note":"","_monsterinsights_sitenote_category":0},"product_brand":[],"product_cat":[21],"product_tag":[26],"class_list":{"0":"post-165","1":"product","2":"type-product","3":"status-publish","4":"has-post-thumbnail","6":"product_cat-pacoca-rolha","7":"product_tag-pacoca-rolha","9":"first","10":"instock","11":"shipping-taxable","12":"purchasable","13":"product-type-simple"},"_links":{"self":[{"href":"https:\/\/loja.barracaamarela.com.br\/index.php?rest_route=\/wp\/v2\/product\/165","targetHints":{"allow":["GET"]}}],"collection":[{"href":"https:\/\/loja.barracaamarela.com.br\/index.php?rest_route=\/wp\/v2\/product"}],"about":[{"href":"https:\/\/loja.barracaamarela.com.br\/index.php?rest_route=\/wp\/v2\/types\/product"}],"replies":[{"embeddable":true,"href":"https:\/\/loja.barracaamarela.com.br\/index.php?rest_route=%2Fwp%2Fv2%2Fcomments&post=165"}],"version-history":[{"count":0,"href":"https:\/\/loja.barracaamarela.com.br\/index.php?rest_route=\/wp\/v2\/product\/165\/revisions"}],"wp:featuredmedia":[{"embeddable":true,"href":"https:\/\/loja.barracaamarela.com.br\/index.php?rest_route=\/wp\/v2\/media\/166"}],"wp:attachment":[{"href":"https:\/\/loja.barracaamarela.com.br\/index.php?rest_route=%2Fwp%2Fv2%2Fmedia&parent=165"}],"wp:term":[{"taxonomy":"product_brand","embeddable":true,"href":"https:\/\/loja.barracaamarela.com.br\/index.php?rest_route=%2Fwp%2Fv2%2Fproduct_brand&post=165"},{"taxonomy":"product_cat","embeddable":true,"href":"https:\/\/loja.barracaamarela.com.br\/index.php?rest_route=%2Fwp%2Fv2%2Fproduct_cat&post=165"},{"taxonomy":"product_tag","embeddable":true,"href":"https:\/\/loja.barracaamarela.com.br\/index.php?rest_route=%2Fwp%2Fv2%2Fproduct_tag&post=165"}],"curies":[{"name":"wp","href":"https:\/\/api.w.org\/{rel}","templated":true}]}}