{"id":143,"date":"2024-09-04T12:18:22","date_gmt":"2024-09-04T12:18:22","guid":{"rendered":"https:\/\/loja.barracaamarela.com.br\/?post_type=product&#038;p=143"},"modified":"2025-05-21T14:23:57","modified_gmt":"2025-05-21T14:23:57","slug":"display-de-pe-de-moca-c-24-unidades","status":"publish","type":"product","link":"https:\/\/loja.barracaamarela.com.br\/?product=display-de-pe-de-moca-c-24-unidades","title":{"rendered":"2363 DISPLAY DE P\u00c9 DE MO\u00c7A C\/ 24 UNIDADES"},"content":{"rendered":"<p>INGREDIENTES: Amendoim, leite condensado (leite integral, a\u00e7\u00facar, leite em p\u00f3 integral e lactose), a\u00e7\u00facar, margarina e xarope de glicose.<br \/>\nAL\u00c9RGICOS: CONT\u00c9M AMENDOIM E DERIVADOS DE LEITE E SOJA. CONT\u00c9M LACTOSE. N\u00c3O CONT\u00c9M GL\u00daTEN.<\/p>\n","protected":false},"excerpt":{"rendered":"<p>INGREDIENTES: Amendoim, leite condensado (leite integral, a\u00e7\u00facar, leite em p\u00f3 integral e lactose), a\u00e7\u00facar, margarina e xarope de glicose. AL\u00c9RGICOS: CONT\u00c9M AMENDOIM E DERIVADOS DE LEITE E SOJA. CONT\u00c9M LACTOSE. N\u00c3O CONT\u00c9M GL\u00daTEN.<\/p>\n","protected":false},"featured_media":144,"comment_status":"open","ping_status":"closed","template":"","meta":{"_monsterinsights_skip_tracking":false,"_monsterinsights_sitenote_active":false,"_monsterinsights_sitenote_note":"","_monsterinsights_sitenote_category":0},"product_brand":[],"product_cat":[20],"product_tag":[25],"class_list":{"0":"post-143","1":"product","2":"type-product","3":"status-publish","4":"has-post-thumbnail","6":"product_cat-pe-de-moca","7":"product_tag-pe-de-moca","9":"first","10":"instock","11":"shipping-taxable","12":"purchasable","13":"product-type-simple"},"_links":{"self":[{"href":"https:\/\/loja.barracaamarela.com.br\/index.php?rest_route=\/wp\/v2\/product\/143","targetHints":{"allow":["GET"]}}],"collection":[{"href":"https:\/\/loja.barracaamarela.com.br\/index.php?rest_route=\/wp\/v2\/product"}],"about":[{"href":"https:\/\/loja.barracaamarela.com.br\/index.php?rest_route=\/wp\/v2\/types\/product"}],"replies":[{"embeddable":true,"href":"https:\/\/loja.barracaamarela.com.br\/index.php?rest_route=%2Fwp%2Fv2%2Fcomments&post=143"}],"version-history":[{"count":0,"href":"https:\/\/loja.barracaamarela.com.br\/index.php?rest_route=\/wp\/v2\/product\/143\/revisions"}],"wp:featuredmedia":[{"embeddable":true,"href":"https:\/\/loja.barracaamarela.com.br\/index.php?rest_route=\/wp\/v2\/media\/144"}],"wp:attachment":[{"href":"https:\/\/loja.barracaamarela.com.br\/index.php?rest_route=%2Fwp%2Fv2%2Fmedia&parent=143"}],"wp:term":[{"taxonomy":"product_brand","embeddable":true,"href":"https:\/\/loja.barracaamarela.com.br\/index.php?rest_route=%2Fwp%2Fv2%2Fproduct_brand&post=143"},{"taxonomy":"product_cat","embeddable":true,"href":"https:\/\/loja.barracaamarela.com.br\/index.php?rest_route=%2Fwp%2Fv2%2Fproduct_cat&post=143"},{"taxonomy":"product_tag","embeddable":true,"href":"https:\/\/loja.barracaamarela.com.br\/index.php?rest_route=%2Fwp%2Fv2%2Fproduct_tag&post=143"}],"curies":[{"name":"wp","href":"https:\/\/api.w.org\/{rel}","templated":true}]}}