{"id":137,"date":"2024-09-04T12:07:15","date_gmt":"2024-09-04T12:07:15","guid":{"rendered":"https:\/\/loja.barracaamarela.com.br\/?post_type=product&#038;p=137"},"modified":"2025-05-21T14:24:08","modified_gmt":"2025-05-21T14:24:08","slug":"pote-de-pe-de-moca-c-20-unidades","status":"publish","type":"product","link":"https:\/\/loja.barracaamarela.com.br\/?product=pote-de-pe-de-moca-c-20-unidades","title":{"rendered":"2005 POTE DE P\u00c9 DE MO\u00c7A C\/ 20 UNIDADES"},"content":{"rendered":"<p>INGREDIENTES: Amendoim, leite condensado (leite integral, a\u00e7\u00facar, leite em p\u00f3 integral e lactose), a\u00e7\u00facar, margarina e xarope de glicose.<br \/>\nAL\u00c9RGICOS: CONT\u00c9M AMENDOIM E DERIVADOS DE LEITE E SOJA. CONT\u00c9M LACTOSE. N\u00c3O CONT\u00c9M GL\u00daTEN.<\/p>\n","protected":false},"excerpt":{"rendered":"<p>INGREDIENTES: Amendoim, leite condensado (leite integral, a\u00e7\u00facar, leite em p\u00f3 integral e lactose), a\u00e7\u00facar, margarina e xarope de glicose. AL\u00c9RGICOS: CONT\u00c9M AMENDOIM E DERIVADOS DE LEITE E SOJA. CONT\u00c9M LACTOSE. N\u00c3O CONT\u00c9M GL\u00daTEN.<\/p>\n","protected":false},"featured_media":138,"comment_status":"open","ping_status":"closed","template":"","meta":{"_monsterinsights_skip_tracking":false,"_monsterinsights_sitenote_active":false,"_monsterinsights_sitenote_note":"","_monsterinsights_sitenote_category":0},"product_brand":[],"product_cat":[20],"product_tag":[25],"class_list":{"0":"post-137","1":"product","2":"type-product","3":"status-publish","4":"has-post-thumbnail","6":"product_cat-pe-de-moca","7":"product_tag-pe-de-moca","9":"first","10":"instock","11":"shipping-taxable","12":"purchasable","13":"product-type-simple"},"_links":{"self":[{"href":"https:\/\/loja.barracaamarela.com.br\/index.php?rest_route=\/wp\/v2\/product\/137","targetHints":{"allow":["GET"]}}],"collection":[{"href":"https:\/\/loja.barracaamarela.com.br\/index.php?rest_route=\/wp\/v2\/product"}],"about":[{"href":"https:\/\/loja.barracaamarela.com.br\/index.php?rest_route=\/wp\/v2\/types\/product"}],"replies":[{"embeddable":true,"href":"https:\/\/loja.barracaamarela.com.br\/index.php?rest_route=%2Fwp%2Fv2%2Fcomments&post=137"}],"version-history":[{"count":0,"href":"https:\/\/loja.barracaamarela.com.br\/index.php?rest_route=\/wp\/v2\/product\/137\/revisions"}],"wp:featuredmedia":[{"embeddable":true,"href":"https:\/\/loja.barracaamarela.com.br\/index.php?rest_route=\/wp\/v2\/media\/138"}],"wp:attachment":[{"href":"https:\/\/loja.barracaamarela.com.br\/index.php?rest_route=%2Fwp%2Fv2%2Fmedia&parent=137"}],"wp:term":[{"taxonomy":"product_brand","embeddable":true,"href":"https:\/\/loja.barracaamarela.com.br\/index.php?rest_route=%2Fwp%2Fv2%2Fproduct_brand&post=137"},{"taxonomy":"product_cat","embeddable":true,"href":"https:\/\/loja.barracaamarela.com.br\/index.php?rest_route=%2Fwp%2Fv2%2Fproduct_cat&post=137"},{"taxonomy":"product_tag","embeddable":true,"href":"https:\/\/loja.barracaamarela.com.br\/index.php?rest_route=%2Fwp%2Fv2%2Fproduct_tag&post=137"}],"curies":[{"name":"wp","href":"https:\/\/api.w.org\/{rel}","templated":true}]}}